{"id":2,"date":"2021-09-17T11:29:39","date_gmt":"2021-09-17T11:29:39","guid":{"rendered":"http:\/\/localhost\/uzinamecanica\/?page_id=2"},"modified":"2022-08-11T12:37:14","modified_gmt":"2022-08-11T12:37:14","slug":"contact","status":"publish","type":"page","link":"https:\/\/uzinamecanicavl.ro\/en\/contact\/","title":{"rendered":"Contact"},"content":{"rendered":"<div class=\"wp-block-columns is-layout-flex wp-container-core-columns-is-layout-9d6595d7 wp-block-columns-is-layout-flex\">\n<div class=\"wp-block-column is-layout-flow wp-block-column-is-layout-flow\">\n<div class=\"bg-dark-50 blur text-yellow py-3\">\n<h2 class=\"text-center mb-1\">S.C. UZINA MECANIC\u0102 R\u00c2MNICU V\u00c2LCEA S.A.<\/h2>\n\n<\/div>\n<\/div>\n<\/div>\n\n\n\n<div class=\"wp-block-columns mb-1 mb-lg-4 is-layout-flex wp-container-core-columns-is-layout-9d6595d7 wp-block-columns-is-layout-flex\">\n<div class=\"wp-block-column mb-3 mb-lg-0 is-layout-flow wp-block-column-is-layout-flow\">\n<a href=\"tel:+40250732827\" class=\"bg-dark-50 blur d-block h-100 text-white box-shadow text-center p-4 p-lg-5 mb-2\">\n<span class=\"d-block mb-3\"><i class=\"fas fa-phone fs-22\"><\/i><\/span>\n<span class=\"d-block mb-3 fs-16 font-weight-600 text-uppercase\">Office<\/span>\n<span class=\"d-block\">+40 250 732 827<\/span>\n<\/a>\n<\/div>\n\n\n\n<div class=\"wp-block-column mb-3 mb-lg-0 is-layout-flow wp-block-column-is-layout-flow\">\n<a href=\"tel:+40756020567\" class=\"bg-dark-50 blur d-block h-100 text-white box-shadow text-center p-4 p-lg-5 mb-2\">\n<span class=\"d-block mb-3\"><i class=\"fas fa-phone fs-22\"><\/i><\/span>\n<span class=\"d-block mb-3 fs-16 font-weight-600 text-uppercase\">Sales<\/span>\n<span class=\"d-block\">+40 756 020 567<\/span>\n<\/a>\n<\/div>\n\n\n\n<div class=\"wp-block-column mb-3 mb-lg-0 is-layout-flow wp-block-column-is-layout-flow\">\n<a href=\"mailto:uzmec@uzinamecanicavl.ro\" class=\"bg-dark-50 blur d-block h-100 text-white box-shadow text-center p-4 p-lg-5 mb-2\">\n<span class=\"d-block mb-3\"><i class=\"fas fa-envelope fs-22\"><\/i><\/span>\n<span class=\"d-block mb-3 fs-16 font-weight-600 text-uppercase\">Email<\/span>\n<span class=\"d-block\">uzmec@uzinamecanicavl.ro<\/span>\n<\/a>\n<\/div>\n<\/div>\n\n\n\n<div class=\"wp-block-columns is-layout-flex wp-container-core-columns-is-layout-9d6595d7 wp-block-columns-is-layout-flex\">\n<div class=\"wp-block-column is-layout-flow wp-block-column-is-layout-flow\">\n<div class=\"blur box-shadow\">\n<a href=\"https:\/\/www.google.com\/maps\/place\/Uzina+Mecanic%C4%83+R%C3%A2mnicu+V%C3%A2lcea+S.A.\/@45.051293,24.285135,16z\/data=!4m5!3m4!1s0x0:0xee665c40fad0f92f!8m2!3d45.0512234!4d24.2852352?hl=en-US\" target=\"_blank\" class=\"border-yellow bg-dark-50 text-white d-block h-100 text-center p-4 p-lg-5 mb-2\" rel=\"noopener\">\n<span class=\"d-block mb-3\"><i class=\"fas fa-map-marker-alt fs-22\"><\/i><\/span>\n<span class=\"d-block mb-3 fs-16 font-weight-600 text-uppercase\">Location<\/span>\nStr. Industries No. 12, Ramnicu Valcea, Valcea County. Postal code: 240002\n<\/a>\n<\/div>\n<\/div>\n<\/div>","protected":false},"excerpt":{"rendered":"<p>S.C. UZINA MECANIC\u0102 R\u00c2MNICU V\u00c2LCEA S.A. Office +40 250 732 827 Sales +40 756 020 567 Email uzmec@uzinamecanicavl.ro Location Str. Industries No. 12, Ramnicu Valcea, Valcea County. Postal code: 240002<\/p>\n","protected":false},"author":1,"featured_media":0,"parent":0,"menu_order":0,"comment_status":"closed","ping_status":"closed","template":"","meta":{"footnotes":""},"class_list":["post-2","page","type-page","status-publish","hentry"],"acf":[],"_links":{"self":[{"href":"https:\/\/uzinamecanicavl.ro\/en\/wp-json\/wp\/v2\/pages\/2","targetHints":{"allow":["GET"]}}],"collection":[{"href":"https:\/\/uzinamecanicavl.ro\/en\/wp-json\/wp\/v2\/pages"}],"about":[{"href":"https:\/\/uzinamecanicavl.ro\/en\/wp-json\/wp\/v2\/types\/page"}],"author":[{"embeddable":true,"href":"https:\/\/uzinamecanicavl.ro\/en\/wp-json\/wp\/v2\/users\/1"}],"replies":[{"embeddable":true,"href":"https:\/\/uzinamecanicavl.ro\/en\/wp-json\/wp\/v2\/comments?post=2"}],"version-history":[{"count":0,"href":"https:\/\/uzinamecanicavl.ro\/en\/wp-json\/wp\/v2\/pages\/2\/revisions"}],"wp:attachment":[{"href":"https:\/\/uzinamecanicavl.ro\/en\/wp-json\/wp\/v2\/media?parent=2"}],"curies":[{"name":"wp","href":"https:\/\/api.w.org\/{rel}","templated":true}]}}